{"id":13,"date":"2014-09-29T15:08:53","date_gmt":"2014-09-29T15:08:53","guid":{"rendered":"http:\/\/maryroadrecords.com\/wp\/?page_id=13"},"modified":"2022-08-15T12:14:04","modified_gmt":"2022-08-15T12:14:04","slug":"studio","status":"publish","type":"page","link":"http:\/\/maryroadrecords.com\/wp\/?page_id=13","title":{"rendered":"Maryroad Studio"},"content":{"rendered":"<p style=\"text-align: center;\"><strong>songwriting &#8211; producing &#8211; recording &#8211; mixing &#8211; sounddesign<\/strong><\/p>\n<p style=\"text-align: left;\">Das Maryroad Tonstudio liegt im Zentrum der Stadt Hof in Bayern ganz oben und verf\u00fcgt \u00fcber einen ca. 23qm gro\u00dfen Aufnahmeraum und eine akustisch optimierte Regie.<br \/>\nNeben professionellem Equipment und viel Erfahrung bieten wir weit mehr als 08\/15 Standard-Aufnahmesituationen. Unser Kundekreis erstreckt sich nicht nur \u00fcber ganz Deutschland, sondern auch bis nach \u00d6sterreich und in die Schweiz hinein. Denn wir lieben es, kreativ zu arbeiten und immer wieder neu zu experimentieren. Eure W\u00fcnsche und Vorstellungen sind uns stets neuer Ansporn und das l\u00e4sst sich zu jeder Zeit sp\u00fcren.<br \/>\nBei uns wird auch niemand ausgenommen und \u00fcber den Tisch gezogen, faire Preise und bestm\u00f6gliche Unterst\u00fctzung der K\u00fcnstler sind oberstes Gebot. Denn wir wollen, dass sich jeder wohl f\u00fchlt, weil nur so wirklich kreativ und effektiv gearbeitet werden kann.<br \/>\nZum Abh\u00e4ngen gibt es eine gute Auswahl an Kneipen und Caf\u00e9s in der Innenstadt oder die ruhigen Saaleauen f\u00fcr kreative Inspirationen, alles bequem per Fu\u00df zu erreichen. Eine K\u00fcche zur Selbstversorgung ist neben Aufenthaltsr\u00e4umen nat\u00fcrlich vorhanden und \u00dcbernachtungsm\u00f6glichkeiten gibt es auf Sofas oder im Matratzenlager. G\u00fcnstige Hotels befinden sich auch in direkter Umgebung f\u00fcr all diejenigen, die etwas weniger alternativ wohnen m\u00f6chten.<\/p>\n<p><strong><br \/>\nWas uns ausmacht:<\/strong><br \/>\n+ jahrelange Erfahrung im Bereich Musikproduktion, Studio und Live-Sound<br \/>\n+ 2 ausgebildete und qualifizierte Musiker und Musikproduzenten<br \/>\n+ beratende Begleitung von K\u00fcnstlern von der ersten Idee bis zum fertigen Produkt<br \/>\n+ Aufnahme von Bands und Musikprojekten verschiedenster Konstellationen<br \/>\n+ Songwriting \/ Co-Songwriting<br \/>\n+ Producing<br \/>\n+ Mix- und Mastering<br \/>\n+ Sounddesign<\/p>\n<p>Gerne erstellen wir euch ein unverbindliches und auf eure Situation abgestimmtes Angebot.<\/p>\n<p><strong><a title=\"Kontakt\" href=\"http:\/\/maryroadrecords.com\/wp\/?page_id=21\">Wir freuen uns auf eure Anfrage!<\/a><\/strong><\/p>\n","protected":false},"excerpt":{"rendered":"<p>songwriting &#8211; producing &#8211; recording &#8211; mixing &#8211; sounddesign Das Maryroad Tonstudio liegt im Zentrum der Stadt Hof in Bayern ganz oben und verf\u00fcgt \u00fcber einen ca. 23qm gro\u00dfen Aufnahmeraum und eine akustisch optimierte Regie. Neben professionellem Equipment und viel Erfahrung bieten wir weit mehr als 08\/15 Standard-Aufnahmesituationen. Unser Kundekreis erstreckt sich nicht nur \u00fcber [&hellip;]<\/p>\n","protected":false},"author":1,"featured_media":0,"parent":0,"menu_order":0,"comment_status":"closed","ping_status":"closed","template":"templates\/template-full.php","meta":[],"_links":{"self":[{"href":"http:\/\/maryroadrecords.com\/wp\/index.php?rest_route=\/wp\/v2\/pages\/13"}],"collection":[{"href":"http:\/\/maryroadrecords.com\/wp\/index.php?rest_route=\/wp\/v2\/pages"}],"about":[{"href":"http:\/\/maryroadrecords.com\/wp\/index.php?rest_route=\/wp\/v2\/types\/page"}],"author":[{"embeddable":true,"href":"http:\/\/maryroadrecords.com\/wp\/index.php?rest_route=\/wp\/v2\/users\/1"}],"replies":[{"embeddable":true,"href":"http:\/\/maryroadrecords.com\/wp\/index.php?rest_route=%2Fwp%2Fv2%2Fcomments&post=13"}],"version-history":[{"count":8,"href":"http:\/\/maryroadrecords.com\/wp\/index.php?rest_route=\/wp\/v2\/pages\/13\/revisions"}],"predecessor-version":[{"id":201,"href":"http:\/\/maryroadrecords.com\/wp\/index.php?rest_route=\/wp\/v2\/pages\/13\/revisions\/201"}],"wp:attachment":[{"href":"http:\/\/maryroadrecords.com\/wp\/index.php?rest_route=%2Fwp%2Fv2%2Fmedia&parent=13"}],"curies":[{"name":"wp","href":"https:\/\/api.w.org\/{rel}","templated":true}]}}