{"id":2,"date":"2014-05-09T04:35:09","date_gmt":"2014-05-09T04:35:09","guid":{"rendered":"http:\/\/maryroadrecords.com\/wp\/?page_id=2"},"modified":"2021-01-16T14:13:10","modified_gmt":"2021-01-16T14:13:10","slug":"sample-page","status":"publish","type":"page","link":"http:\/\/maryroadrecords.com\/wp\/?page_id=2","title":{"rendered":"maryroadrecords"},"content":{"rendered":"<p><img decoding=\"async\" loading=\"lazy\" class=\"alignright wp-image-96 size-medium\" src=\"http:\/\/maryroadrecords.com\/wp\/wp-content\/uploads\/2014\/09\/Schallplatte_mrr-300x300.jpg\" alt=\"Schallplatte_mrr\" width=\"300\" height=\"300\" srcset=\"http:\/\/maryroadrecords.com\/wp\/wp-content\/uploads\/2014\/09\/Schallplatte_mrr-300x300.jpg 300w, http:\/\/maryroadrecords.com\/wp\/wp-content\/uploads\/2014\/09\/Schallplatte_mrr-150x150.jpg 150w, http:\/\/maryroadrecords.com\/wp\/wp-content\/uploads\/2014\/09\/Schallplatte_mrr.jpg 375w\" sizes=\"(max-width: 300px) 100vw, 300px\" \/>maryroadrecords ist ein Indie-Label, das im Herzen der sch\u00f6nen Stadt Hof in Bayern ganz oben liegt. Da sich diese Gegend fern ab von aller Musikzivilisation befindet, ist das Label haupts\u00e4chlich im Import-Export-Gewerbe im Bereich Musik t\u00e4tig. Unser Anliegen ist es, gute Musik zu kultivieren und die zu f\u00f6rdern und zu unterst\u00fctzen, die solche spielen.<br \/>\nDie Arbeit gliedert sich in das Promoten eigener Bands, in das Veranstalten von Konzerten in Hof mit K\u00fcnstlern von \u201esonstwo her\u201c, in einen Shop mit Verkauf von seltener und selten geiler Musik und einem Studio mit einer guten Balance zwischen analoger und digitaler Welt.<br \/>\nAls Tonstudio erm\u00f6glichen wir den Bands, professionelle Aufnahmen am Markt verf\u00fcgbar zu machen. Die langj\u00e4hrige Erfahrung unserer Produzenten und deren Zusammenarbeit mit bekannten Gr\u00f6\u00dfen aus dem Musikbusiness bieten perfekte Voraussetzungen f\u00fcr jegliche Aufnahmen unterschiedlichster Anspr\u00fcche. Und durch wichtige Kontakte selbst \u00fcber die Landesgrenzen hinaus werden Auftrittsm\u00f6glichkeiten und gute Karrierechancen geboten.<\/p>\n","protected":false},"excerpt":{"rendered":"<p>maryroadrecords ist ein Indie-Label, das im Herzen der sch\u00f6nen Stadt Hof in Bayern ganz oben liegt. Da sich diese Gegend fern ab von aller Musikzivilisation befindet, ist das Label haupts\u00e4chlich im Import-Export-Gewerbe im Bereich Musik t\u00e4tig. Unser Anliegen ist es, gute Musik zu kultivieren und die zu f\u00f6rdern und zu unterst\u00fctzen, die solche spielen. Die [&hellip;]<\/p>\n","protected":false},"author":1,"featured_media":0,"parent":0,"menu_order":0,"comment_status":"closed","ping_status":"closed","template":"templates\/template-full.php","meta":[],"_links":{"self":[{"href":"http:\/\/maryroadrecords.com\/wp\/index.php?rest_route=\/wp\/v2\/pages\/2"}],"collection":[{"href":"http:\/\/maryroadrecords.com\/wp\/index.php?rest_route=\/wp\/v2\/pages"}],"about":[{"href":"http:\/\/maryroadrecords.com\/wp\/index.php?rest_route=\/wp\/v2\/types\/page"}],"author":[{"embeddable":true,"href":"http:\/\/maryroadrecords.com\/wp\/index.php?rest_route=\/wp\/v2\/users\/1"}],"replies":[{"embeddable":true,"href":"http:\/\/maryroadrecords.com\/wp\/index.php?rest_route=%2Fwp%2Fv2%2Fcomments&post=2"}],"version-history":[{"count":8,"href":"http:\/\/maryroadrecords.com\/wp\/index.php?rest_route=\/wp\/v2\/pages\/2\/revisions"}],"predecessor-version":[{"id":196,"href":"http:\/\/maryroadrecords.com\/wp\/index.php?rest_route=\/wp\/v2\/pages\/2\/revisions\/196"}],"wp:attachment":[{"href":"http:\/\/maryroadrecords.com\/wp\/index.php?rest_route=%2Fwp%2Fv2%2Fmedia&parent=2"}],"curies":[{"name":"wp","href":"https:\/\/api.w.org\/{rel}","templated":true}]}}